{"id":53,"date":"2016-09-10T09:07:05","date_gmt":"2016-09-10T09:07:05","guid":{"rendered":"http:\/\/stolbergertv.de\/?page_id=53"},"modified":"2023-02-06T10:59:59","modified_gmt":"2023-02-06T09:59:59","slug":"kontakt","status":"publish","type":"page","link":"https:\/\/stolbergertv.de\/?page_id=53","title":{"rendered":"Kontakt"},"content":{"rendered":"<h1>Gesch\u00e4ftsstelle<\/h1>\n<p>Birgit Miehlke H\u00f6henstra\u00dfe 77a, 52222 Stolberg Tel.\/Fax.: 02402\/864010<\/p>\n<hr \/>\n<h1>Jugendwartin<\/h1>\n<p>Irene Bonaventura Am Schlehenhag 5, 52223 Stolberg Tel\/Fax.: 02402\/9056166<\/p>\n<hr \/>\n<h1>Email<\/h1>\n<p>stolbergertv@web.de<\/p>\n<hr \/>\n<h1>Kontaktformular<\/h1>\n<p>[contact-form-7 id=&#8220;562&#8243; title=&#8220;Formular 2&#8243;]<\/p>\n","protected":false},"excerpt":{"rendered":"<p>Gesch\u00e4ftsstelle Birgit Miehlke H\u00f6henstra\u00dfe 77a, 52222 Stolberg Tel.\/Fax.: 02402\/864010 Jugendwartin Irene Bonaventura Am Schlehenhag 5, 52223 Stolberg Tel\/Fax.: 02402\/9056166 Email stolbergertv@web.de Kontaktformular [contact-form-7 id=&#8220;562&#8243; title=&#8220;Formular 2&#8243;]<\/p>\n","protected":false},"author":1,"featured_media":0,"parent":0,"menu_order":0,"comment_status":"closed","ping_status":"closed","template":"page-templates\/full-width-page.php","meta":{"footnotes":""},"class_list":["post-53","page","type-page","status-publish","hentry"],"_links":{"self":[{"href":"https:\/\/stolbergertv.de\/index.php?rest_route=\/wp\/v2\/pages\/53","targetHints":{"allow":["GET"]}}],"collection":[{"href":"https:\/\/stolbergertv.de\/index.php?rest_route=\/wp\/v2\/pages"}],"about":[{"href":"https:\/\/stolbergertv.de\/index.php?rest_route=\/wp\/v2\/types\/page"}],"author":[{"embeddable":true,"href":"https:\/\/stolbergertv.de\/index.php?rest_route=\/wp\/v2\/users\/1"}],"replies":[{"embeddable":true,"href":"https:\/\/stolbergertv.de\/index.php?rest_route=%2Fwp%2Fv2%2Fcomments&post=53"}],"version-history":[{"count":11,"href":"https:\/\/stolbergertv.de\/index.php?rest_route=\/wp\/v2\/pages\/53\/revisions"}],"predecessor-version":[{"id":730,"href":"https:\/\/stolbergertv.de\/index.php?rest_route=\/wp\/v2\/pages\/53\/revisions\/730"}],"wp:attachment":[{"href":"https:\/\/stolbergertv.de\/index.php?rest_route=%2Fwp%2Fv2%2Fmedia&parent=53"}],"curies":[{"name":"wp","href":"https:\/\/api.w.org\/{rel}","templated":true}]}}