{"id":518,"date":"2018-12-01T11:21:17","date_gmt":"2018-12-01T10:21:17","guid":{"rendered":"http:\/\/stolbergertv.de\/?page_id=518"},"modified":"2024-09-25T21:41:36","modified_gmt":"2024-09-25T20:41:36","slug":"indoorfussball","status":"publish","type":"page","link":"https:\/\/stolbergertv.de\/?page_id=518","title":{"rendered":"Indoor Fu\u00dfball"},"content":{"rendered":"<p><strong>JUST for FUN<\/strong><\/p>\n<p><strong>Wann?<\/strong> Montag 20 Uhr bis 21 Uhr 30<\/p>\n<p><strong>Wo?<\/strong> Sporthalle der Gemeinschaftsgrundschule Pr\u00e4mienstra\u00dfe, M\u00fcnsterbusch<\/p>\n<p><strong>Wer?<\/strong> Jedermann\/frau von 15 Jahren bis 75 Jahren und \u00e4lter&#8230;<\/p>\n<p>Info gerne unter 0160 90207521 bei Ralf Nitsch<\/p>\n<p><strong>Zur Zeit sind keine Neuanmeldungen m\u00f6glich.<\/strong><\/p>\n","protected":false},"excerpt":{"rendered":"<p>JUST for FUN Wann? Montag 20 Uhr bis 21 Uhr 30 Wo? Sporthalle der Gemeinschaftsgrundschule Pr\u00e4mienstra\u00dfe, M\u00fcnsterbusch Wer? Jedermann\/frau von 15 Jahren bis 75 Jahren und \u00e4lter&#8230; Info gerne unter 0160 90207521 bei Ralf Nitsch Zur Zeit sind keine Neuanmeldungen m\u00f6glich.<\/p>\n","protected":false},"author":1,"featured_media":0,"parent":0,"menu_order":0,"comment_status":"closed","ping_status":"closed","template":"","meta":{"footnotes":""},"class_list":["post-518","page","type-page","status-publish","hentry"],"_links":{"self":[{"href":"https:\/\/stolbergertv.de\/index.php?rest_route=\/wp\/v2\/pages\/518","targetHints":{"allow":["GET"]}}],"collection":[{"href":"https:\/\/stolbergertv.de\/index.php?rest_route=\/wp\/v2\/pages"}],"about":[{"href":"https:\/\/stolbergertv.de\/index.php?rest_route=\/wp\/v2\/types\/page"}],"author":[{"embeddable":true,"href":"https:\/\/stolbergertv.de\/index.php?rest_route=\/wp\/v2\/users\/1"}],"replies":[{"embeddable":true,"href":"https:\/\/stolbergertv.de\/index.php?rest_route=%2Fwp%2Fv2%2Fcomments&post=518"}],"version-history":[{"count":9,"href":"https:\/\/stolbergertv.de\/index.php?rest_route=\/wp\/v2\/pages\/518\/revisions"}],"predecessor-version":[{"id":808,"href":"https:\/\/stolbergertv.de\/index.php?rest_route=\/wp\/v2\/pages\/518\/revisions\/808"}],"wp:attachment":[{"href":"https:\/\/stolbergertv.de\/index.php?rest_route=%2Fwp%2Fv2%2Fmedia&parent=518"}],"curies":[{"name":"wp","href":"https:\/\/api.w.org\/{rel}","templated":true}]}}