{"id":36,"date":"2016-09-10T09:04:28","date_gmt":"2016-09-10T09:04:28","guid":{"rendered":"http:\/\/stolbergertv.de\/?page_id=36"},"modified":"2022-11-25T23:12:23","modified_gmt":"2022-11-25T22:12:23","slug":"leichtathletik","status":"publish","type":"page","link":"https:\/\/stolbergertv.de\/?page_id=36","title":{"rendered":"Leichtathletik"},"content":{"rendered":"<p>Unsere Mitglieder trainieren in der Trainingsgemeinschaft LG Stolberg.<br \/>\nDas Training findet im Sommer im Stadion Glash\u00fctter Weiher, im Winter in verschiedenen Hallen statt.<!--more--><br \/>\nLangstreckler trainieren ganzj\u00e4hrig im Wald.<br \/>\nN\u00e4here Informationen \u00fcber Termine und Trainingsm\u00f6glichkeiten erfahren Sie w\u00e4hrend der Trainingszeiten bei Hans Gerd Motter.<\/p>\n<p>Montag 20:00 bis 22:00 Uhr Turnhalle Oktober bis April Glash\u00fctter Weiher \/ Peter Lindner<br \/>\nDienstag 18:00 bis 20:00 Uhr Stadion Glash\u00fctter Weiher<br \/>\nDonnerstag 18:00 bis 20:00 April bis Oktober Uhr Stadion Glash\u00fctter Weiher<br \/>\nSamstag 9 Uhr 30 bis 10 Uhr 30 Parkplatz Breiniger Berg<\/p>\n<p><span class=\"dashicons dashicons-admin-users\" aria-hidden=\"true\" role=\"presentation\">\u00ad<\/span>\u00a0Hans Gerd Motter<\/p>\n<p><span class=\"dashicons dashicons-phone\" aria-hidden=\"true\" role=\"presentation\">\u00ad<\/span> 02402\/21885<\/p>\n","protected":false},"excerpt":{"rendered":"<p>Unsere Mitglieder trainieren in der Trainingsgemeinschaft LG Stolberg. Das Training findet im Sommer im Stadion Glash\u00fctter Weiher, im Winter in verschiedenen Hallen statt.<\/p>\n","protected":false},"author":1,"featured_media":223,"parent":17,"menu_order":0,"comment_status":"closed","ping_status":"closed","template":"page-templates\/full-width-page.php","meta":{"footnotes":""},"class_list":["post-36","page","type-page","status-publish","has-post-thumbnail","hentry"],"_links":{"self":[{"href":"https:\/\/stolbergertv.de\/index.php?rest_route=\/wp\/v2\/pages\/36","targetHints":{"allow":["GET"]}}],"collection":[{"href":"https:\/\/stolbergertv.de\/index.php?rest_route=\/wp\/v2\/pages"}],"about":[{"href":"https:\/\/stolbergertv.de\/index.php?rest_route=\/wp\/v2\/types\/page"}],"author":[{"embeddable":true,"href":"https:\/\/stolbergertv.de\/index.php?rest_route=\/wp\/v2\/users\/1"}],"replies":[{"embeddable":true,"href":"https:\/\/stolbergertv.de\/index.php?rest_route=%2Fwp%2Fv2%2Fcomments&post=36"}],"version-history":[{"count":8,"href":"https:\/\/stolbergertv.de\/index.php?rest_route=\/wp\/v2\/pages\/36\/revisions"}],"predecessor-version":[{"id":695,"href":"https:\/\/stolbergertv.de\/index.php?rest_route=\/wp\/v2\/pages\/36\/revisions\/695"}],"up":[{"embeddable":true,"href":"https:\/\/stolbergertv.de\/index.php?rest_route=\/wp\/v2\/pages\/17"}],"wp:featuredmedia":[{"embeddable":true,"href":"https:\/\/stolbergertv.de\/index.php?rest_route=\/wp\/v2\/media\/223"}],"wp:attachment":[{"href":"https:\/\/stolbergertv.de\/index.php?rest_route=%2Fwp%2Fv2%2Fmedia&parent=36"}],"curies":[{"name":"wp","href":"https:\/\/api.w.org\/{rel}","templated":true}]}}