{"id":31,"date":"2016-09-10T09:03:40","date_gmt":"2016-09-10T09:03:40","guid":{"rendered":"http:\/\/stolbergertv.de\/?page_id=31"},"modified":"2025-01-30T13:31:48","modified_gmt":"2025-01-30T12:31:48","slug":"kursangebote","status":"publish","type":"page","link":"https:\/\/stolbergertv.de\/?page_id=31","title":{"rendered":"Kurse"},"content":{"rendered":"<h1>Turnhalle Ritzefeldstra\u00dfe<\/h1>\n<p><strong>Was? Seniorensport unter Ber\u00fccksichtigung koronarer Herzkrankheiten (Herzsport)<\/strong><\/p>\n<p>F\u00f6rderung von Kraft, Ausdauer, Schnelligkeit, Beweglichkeit und Koordination <img loading=\"lazy\" decoding=\"async\" class=\"alignnone  wp-image-96\" src=\"https:\/\/stolbergertv.de\/wp-content\/uploads\/2016\/09\/79.png\" alt=\"\" width=\"59\" height=\"59\" srcset=\"https:\/\/stolbergertv.de\/wp-content\/uploads\/2016\/09\/79.png 128w, https:\/\/stolbergertv.de\/wp-content\/uploads\/2016\/09\/79-96x96.png 96w\" sizes=\"auto, (max-width: 59px) 100vw, 59px\" \/><\/p>\n<p><strong>Wann? <\/strong>Montag\u00a0 18 Uhr bis 19:30 Uhr<br \/>\n<span class=\"dashicons dashicons-admin-users\" aria-hidden=\"true\" role=\"presentation\">\u00ad<\/span>Dr.Peter Minderjahn<\/p>\n<p><span class=\"dashicons dashicons-phone\" aria-hidden=\"true\" role=\"presentation\">\u00ad<\/span> 02402\/1026906<!--more--><\/p>\n<h1><\/h1>\n","protected":false},"excerpt":{"rendered":"<p>Turnhalle Ritzefeldstra\u00dfe Was? Seniorensport unter Ber\u00fccksichtigung koronarer Herzkrankheiten (Herzsport) F\u00f6rderung von Kraft, Ausdauer, Schnelligkeit, Beweglichkeit und Koordination Wann? Montag\u00a0 18 Uhr bis 19:30 Uhr \u00adDr.Peter Minderjahn \u00ad 02402\/1026906<\/p>\n","protected":false},"author":1,"featured_media":93,"parent":17,"menu_order":0,"comment_status":"closed","ping_status":"closed","template":"page-templates\/full-width-page.php","meta":{"footnotes":""},"class_list":["post-31","page","type-page","status-publish","has-post-thumbnail","hentry"],"_links":{"self":[{"href":"https:\/\/stolbergertv.de\/index.php?rest_route=\/wp\/v2\/pages\/31","targetHints":{"allow":["GET"]}}],"collection":[{"href":"https:\/\/stolbergertv.de\/index.php?rest_route=\/wp\/v2\/pages"}],"about":[{"href":"https:\/\/stolbergertv.de\/index.php?rest_route=\/wp\/v2\/types\/page"}],"author":[{"embeddable":true,"href":"https:\/\/stolbergertv.de\/index.php?rest_route=\/wp\/v2\/users\/1"}],"replies":[{"embeddable":true,"href":"https:\/\/stolbergertv.de\/index.php?rest_route=%2Fwp%2Fv2%2Fcomments&post=31"}],"version-history":[{"count":13,"href":"https:\/\/stolbergertv.de\/index.php?rest_route=\/wp\/v2\/pages\/31\/revisions"}],"predecessor-version":[{"id":822,"href":"https:\/\/stolbergertv.de\/index.php?rest_route=\/wp\/v2\/pages\/31\/revisions\/822"}],"up":[{"embeddable":true,"href":"https:\/\/stolbergertv.de\/index.php?rest_route=\/wp\/v2\/pages\/17"}],"wp:featuredmedia":[{"embeddable":true,"href":"https:\/\/stolbergertv.de\/index.php?rest_route=\/wp\/v2\/media\/93"}],"wp:attachment":[{"href":"https:\/\/stolbergertv.de\/index.php?rest_route=%2Fwp%2Fv2%2Fmedia&parent=31"}],"curies":[{"name":"wp","href":"https:\/\/api.w.org\/{rel}","templated":true}]}}