{"id":23,"date":"2016-09-10T09:02:28","date_gmt":"2016-09-10T09:02:28","guid":{"rendered":"http:\/\/stolbergertv.de\/?page_id=23"},"modified":"2026-03-09T15:08:44","modified_gmt":"2026-03-09T14:08:44","slug":"badminton","status":"publish","type":"page","link":"https:\/\/stolbergertv.de\/?page_id=23","title":{"rendered":"Badminton"},"content":{"rendered":"<p><strong>Wann?<\/strong> Freitags 18:00 bis 19:30 Uhr<\/p>\n<p><strong>Wer?<\/strong> Erwachsene<\/p>\n<p><strong>Wo? Kupferst\u00e4dter Gesamtschule, Breslauer Stra\u00dfe 1<\/strong><\/p>\n<p>Badminton macht einfach Spa\u00df, testen Sie selbst!<\/p>\n<p><span>\u00a0Ralf Nitsch <\/span><\/p>\n<p><span>Info gerne unter 0160 90207521<\/span><\/p>\n","protected":false},"excerpt":{"rendered":"<p>Wann? Freitags 18:00 bis 19:30 Uhr Wer? Erwachsene Wo? Kupferst\u00e4dter Gesamtschule, Breslauer Stra\u00dfe 1 Badminton macht einfach Spa\u00df, testen Sie selbst! \u00a0Ralf Nitsch Info gerne unter 0160 90207521<\/p>\n","protected":false},"author":1,"featured_media":92,"parent":17,"menu_order":0,"comment_status":"closed","ping_status":"closed","template":"page-templates\/full-width-page.php","meta":{"footnotes":""},"class_list":["post-23","page","type-page","status-publish","has-post-thumbnail","hentry"],"_links":{"self":[{"href":"https:\/\/stolbergertv.de\/index.php?rest_route=\/wp\/v2\/pages\/23","targetHints":{"allow":["GET"]}}],"collection":[{"href":"https:\/\/stolbergertv.de\/index.php?rest_route=\/wp\/v2\/pages"}],"about":[{"href":"https:\/\/stolbergertv.de\/index.php?rest_route=\/wp\/v2\/types\/page"}],"author":[{"embeddable":true,"href":"https:\/\/stolbergertv.de\/index.php?rest_route=\/wp\/v2\/users\/1"}],"replies":[{"embeddable":true,"href":"https:\/\/stolbergertv.de\/index.php?rest_route=%2Fwp%2Fv2%2Fcomments&post=23"}],"version-history":[{"count":28,"href":"https:\/\/stolbergertv.de\/index.php?rest_route=\/wp\/v2\/pages\/23\/revisions"}],"predecessor-version":[{"id":856,"href":"https:\/\/stolbergertv.de\/index.php?rest_route=\/wp\/v2\/pages\/23\/revisions\/856"}],"up":[{"embeddable":true,"href":"https:\/\/stolbergertv.de\/index.php?rest_route=\/wp\/v2\/pages\/17"}],"wp:featuredmedia":[{"embeddable":true,"href":"https:\/\/stolbergertv.de\/index.php?rest_route=\/wp\/v2\/media\/92"}],"wp:attachment":[{"href":"https:\/\/stolbergertv.de\/index.php?rest_route=%2Fwp%2Fv2%2Fmedia&parent=23"}],"curies":[{"name":"wp","href":"https:\/\/api.w.org\/{rel}","templated":true}]}}