{"id":19,"date":"2016-09-10T09:01:58","date_gmt":"2016-09-10T09:01:58","guid":{"rendered":"http:\/\/stolbergertv.de\/?page_id=19"},"modified":"2026-04-29T10:10:17","modified_gmt":"2026-04-29T09:10:17","slug":"aerobic","status":"publish","type":"page","link":"https:\/\/stolbergertv.de\/?page_id=19","title":{"rendered":"Aerobic"},"content":{"rendered":"<p>Diese Stunden finden in einer anderen R\u00e4umlichkeit statt. Informieren Sie sich bitte bei der \u00dcbungsleiterin.<\/p>\n<p>Wir sind ein kleines Team und suchen noch Zuwachs.<\/p>\n<p><strong>Wo?<\/strong> Berufskolleg Stolberg<br \/>\n<strong>Was?<\/strong> Step Aerobic f\u00fcr Erwachsene und Jugendliche ab 15 Jahren<br \/>\n<strong>Wann?<\/strong> Montag 18:30 bis 20:00 Uhr<\/p>\n<p><span class=\"dashicons dashicons-admin-users\" aria-hidden=\"true\" role=\"presentation\">\u00a0 <\/span>\u00a0Danja Meinel Info gerne unter 0157 74074687<\/p>\n<p><!--more--><\/p>\n<p>Hallo, mein Name ist Danja Meinel und ich bin \u00dcbungsleiterin f\u00fcr Fitness und Gesundheitstraining.<br \/>\nUm auch andere nette Menschen mit Sport zu begeistern gibt es unsere Aerobic Stunde.<br \/>\nZu flotter Musik erarbeiten wir uns Woche f\u00fcr Woche eine neue Choreographie.<br \/>\nSo schulen wir die Koordination, das macht fit und bringt Spa\u00df. Abgerundet wird die Stunde mit einem Muskeltraining zur Pr\u00e4vention von R\u00fcckenschmerzen.<\/p>\n<p>Zum Abschluss gibt es zur Stressbew\u00e4ltigung eine kleine Entspannungseinheit.<\/p>\n<p>\u00dcbungsleiterin C Aerobic<\/p>\n<p>\u00dcbungsleiterin B Pr\u00e4vention Haltung und Bewegung sowie Herz- und Kreislauftraining<\/p>\n","protected":false},"excerpt":{"rendered":"<p>Diese Stunden finden in einer anderen R\u00e4umlichkeit statt. Informieren Sie sich bitte bei der \u00dcbungsleiterin. Wir sind ein kleines Team und suchen noch Zuwachs. Wo? Berufskolleg Stolberg Was? Step Aerobic f\u00fcr Erwachsene und Jugendliche ab 15 Jahren Wann? Montag 18:30 bis 20:00 Uhr \u00a0 \u00a0Danja Meinel Info gerne unter 0157 74074687<\/p>\n","protected":false},"author":1,"featured_media":97,"parent":17,"menu_order":0,"comment_status":"closed","ping_status":"closed","template":"page-templates\/full-width-page.php","meta":{"footnotes":""},"class_list":["post-19","page","type-page","status-publish","has-post-thumbnail","hentry"],"_links":{"self":[{"href":"https:\/\/stolbergertv.de\/index.php?rest_route=\/wp\/v2\/pages\/19","targetHints":{"allow":["GET"]}}],"collection":[{"href":"https:\/\/stolbergertv.de\/index.php?rest_route=\/wp\/v2\/pages"}],"about":[{"href":"https:\/\/stolbergertv.de\/index.php?rest_route=\/wp\/v2\/types\/page"}],"author":[{"embeddable":true,"href":"https:\/\/stolbergertv.de\/index.php?rest_route=\/wp\/v2\/users\/1"}],"replies":[{"embeddable":true,"href":"https:\/\/stolbergertv.de\/index.php?rest_route=%2Fwp%2Fv2%2Fcomments&post=19"}],"version-history":[{"count":28,"href":"https:\/\/stolbergertv.de\/index.php?rest_route=\/wp\/v2\/pages\/19\/revisions"}],"predecessor-version":[{"id":862,"href":"https:\/\/stolbergertv.de\/index.php?rest_route=\/wp\/v2\/pages\/19\/revisions\/862"}],"up":[{"embeddable":true,"href":"https:\/\/stolbergertv.de\/index.php?rest_route=\/wp\/v2\/pages\/17"}],"wp:featuredmedia":[{"embeddable":true,"href":"https:\/\/stolbergertv.de\/index.php?rest_route=\/wp\/v2\/media\/97"}],"wp:attachment":[{"href":"https:\/\/stolbergertv.de\/index.php?rest_route=%2Fwp%2Fv2%2Fmedia&parent=19"}],"curies":[{"name":"wp","href":"https:\/\/api.w.org\/{rel}","templated":true}]}}