{"id":13,"date":"2016-09-10T09:00:36","date_gmt":"2016-09-10T09:00:36","guid":{"rendered":"http:\/\/stolbergertv.de\/?page_id=13"},"modified":"2016-09-19T18:03:51","modified_gmt":"2016-09-19T17:03:51","slug":"geschichte","status":"publish","type":"page","link":"https:\/\/stolbergertv.de\/?page_id=13","title":{"rendered":"Geschichte"},"content":{"rendered":"<p>Unsere Vereinsgeschichte<\/p>\n<p>Die Gr\u00fcndung erfolgte 1862 &#8211; 10 Jahre nach dem Tode das Turnvaters Friedrich L. Jahn , als der Reichsgr\u00fcnder Otto von Bismark Ministerpr\u00e4sident wurde. Es war die Zeit der Erneuerung des deutschen Volkes , insbesondere des Aufbruchs der deutschen Jugend. Dieser Geist hatte auch die B\u00fcrger der damals rund 7500 Einwohner z\u00e4hlenden Stadt erfasst. Denn im Geiste Jahn`s war das von Ihm geschaffene, volkst\u00fcmliche Turnen nicht blo\u00df eine k\u00f6rperliche Ert\u00fcchtigung , sondern auch eineStaatspolitische Aufgabe. So werden wohl auch die Gr\u00fcnder des Stolberger Turnvereins ihre Aufgabe gesehen haben und es ist ihnen heute zu bescheinigen, da\u00df die von Ihnen gelegte Saat fruchtbar aufgegangen ist. Viele internationale \/ nationale und lokale Ereignisse , viele Erfolge , aber auch viel Not und Leid sind \u00fcber die Nation , \u00fcber Land und Stadt und ihre B\u00fcrger &#8211; und auch \u00fcber den Turnverein hinweg gegangen. Die uns von Jahn gestellte Aufgabe hat heute immer noch G\u00fcltigkeit. Ja, sie hat sogar noch eine Erweiterung erfahren durch den Zusammenschlu\u00df von Nationen in den europ\u00e4ischen und kontinentalen Gemeinschaften. Die rasante Weiterentwicklung der Technik, die Schnelligkeit der Informationstechnologie, der Kampf um die knappen Resourcen,die Bev\u00f6lkerungsentwicklung und die damit verbundene Arbeitsplatzproblematik sowie die zahlreichen Konflikte in der Welt haben die Menschen vor gro\u00dfe Probleme gestellt, die unter anderem nur gel\u00f6st werden k\u00f6nnen in einem freiheitlichen , friedfertigen Geiste. So wei\u00df die deutsche Turnerschaft , zu der der Stolberger Turnverein geh\u00f6rt , heute wie damals ihre Aufgabe zu sehen und den Menschen neben der k\u00f6rperlichen Ert\u00fcchtigung bei Sport und Spiel auch zur charakterfesten Pers\u00f6nlichkeit zu bilden und zum Pokal der Freiheit zu f\u00fchren. Ihr Leitspruch : Frisch &#8211; Fromm &#8211; Fr\u00f6hlich &#8211; Frei (als die 4 F in der Stolberger Vereinsfahne sichtbar ) sollte eine innerliche Verpflichtung sein.<\/p>\n","protected":false},"excerpt":{"rendered":"<p>Unsere Vereinsgeschichte Die Gr\u00fcndung erfolgte 1862 &#8211; 10 Jahre nach dem Tode das Turnvaters Friedrich L. Jahn , als der Reichsgr\u00fcnder Otto von Bismark Ministerpr\u00e4sident wurde. Es war die Zeit der Erneuerung des deutschen Volkes , insbesondere des Aufbruchs der deutschen Jugend. Dieser Geist hatte auch die B\u00fcrger der damals rund 7500 Einwohner z\u00e4hlenden Stadt &hellip; <a href=\"https:\/\/stolbergertv.de\/?page_id=13\" class=\"more-link\"><span class=\"screen-reader-text\">Geschichte<\/span> weiterlesen<\/a><\/p>\n","protected":false},"author":1,"featured_media":0,"parent":0,"menu_order":0,"comment_status":"closed","ping_status":"closed","template":"page-templates\/full-width-page.php","meta":{"footnotes":""},"class_list":["post-13","page","type-page","status-publish","hentry"],"_links":{"self":[{"href":"https:\/\/stolbergertv.de\/index.php?rest_route=\/wp\/v2\/pages\/13","targetHints":{"allow":["GET"]}}],"collection":[{"href":"https:\/\/stolbergertv.de\/index.php?rest_route=\/wp\/v2\/pages"}],"about":[{"href":"https:\/\/stolbergertv.de\/index.php?rest_route=\/wp\/v2\/types\/page"}],"author":[{"embeddable":true,"href":"https:\/\/stolbergertv.de\/index.php?rest_route=\/wp\/v2\/users\/1"}],"replies":[{"embeddable":true,"href":"https:\/\/stolbergertv.de\/index.php?rest_route=%2Fwp%2Fv2%2Fcomments&post=13"}],"version-history":[{"count":2,"href":"https:\/\/stolbergertv.de\/index.php?rest_route=\/wp\/v2\/pages\/13\/revisions"}],"predecessor-version":[{"id":247,"href":"https:\/\/stolbergertv.de\/index.php?rest_route=\/wp\/v2\/pages\/13\/revisions\/247"}],"wp:attachment":[{"href":"https:\/\/stolbergertv.de\/index.php?rest_route=%2Fwp%2Fv2%2Fmedia&parent=13"}],"curies":[{"name":"wp","href":"https:\/\/api.w.org\/{rel}","templated":true}]}}